{"id":187,"date":"2022-08-16T13:40:06","date_gmt":"2022-08-16T13:40:06","guid":{"rendered":"https:\/\/fctiigrid.ee\/?post_type=product&#038;p=187"},"modified":"2022-09-19T10:18:41","modified_gmt":"2022-09-19T10:18:41","slug":"meeste-voistlussark-kodus","status":"publish","type":"product","link":"https:\/\/fctiigrid.ee\/en\/product\/meeste-voistlussark-kodus\/","title":{"rendered":"Meeste V\u00f5istluss\u00e4rk &#8220;Kodus&#8221;"},"content":{"rendered":"<p>SPETSIFIKATSIOONID:<br \/>\nJalgpalli vorm<br \/>\nMudel: meeste<br \/>\nRegulaarne l\u00f5ige<br \/>\nL\u00fchikesed raglaanvarrukad \u00f5mblusteta<br \/>\nV-kaelus<br \/>\nHingavuse tagamiseks tagak\u00fcljel v\u00f5rkvahet\u00fckid<br \/>\nNiiskuse \u00e4rajuhtimine<br \/>\nKiire kuivamine<br \/>\nKontrastsed k\u00fcljetriibud<br \/>\nOptimaalne liikumisvabadus<\/p>\n<p>TEHNOLOOGIA:<br \/>\nDriFit<\/p>\n<p>Materjal:<br \/>\n100% pol\u00fcester<\/p>","protected":false},"excerpt":{"rendered":"<p>Kuumpresstr\u00fckkis m\u00e4ngija nimi, m\u00e4ngija number ja tikitud klubi embleem.<\/p>\n<p>Esmakordsel tellimusel palume m\u00e4ngija numbriks m\u00e4rkida &#8220;00&#8221;.<\/p>","protected":false},"featured_media":178,"comment_status":"open","ping_status":"closed","template":"","meta":[],"product_brand":[],"product_cat":[19],"product_tag":[],"class_list":{"0":"post-187","1":"product","2":"type-product","3":"status-publish","4":"has-post-thumbnail","6":"product_cat-sargid","8":"first","9":"instock","10":"taxable","11":"shipping-taxable","12":"purchasable","13":"product-type-variable"},"yoast_head":"<!-- This site is optimized with the Yoast SEO plugin v27.4 - https:\/\/yoast.com\/product\/yoast-seo-wordpress\/ -->\n<title>Meeste V\u00f5istluss\u00e4rk &quot;Kodus&quot; - FC Tiigrid<\/title>\n<meta name=\"robots\" content=\"index, follow, max-snippet:-1, max-image-preview:large, max-video-preview:-1\" \/>\n<link rel=\"canonical\" href=\"https:\/\/fctiigrid.ee\/en\/product\/meeste-voistlussark-kodus\/\" \/>\n<meta property=\"og:locale\" content=\"en_US\" \/>\n<meta property=\"og:type\" content=\"article\" \/>\n<meta property=\"og:title\" content=\"Meeste V\u00f5istluss\u00e4rk &quot;Kodus&quot; - FC Tiigrid\" \/>\n<meta property=\"og:description\" content=\"Kuumpresstr\u00fckkis m\u00e4ngija nimi, m\u00e4ngija number ja tikitud klubi embleem.  Esmakordsel tellimusel palume m\u00e4ngija numbriks m\u00e4rkida &quot;00&quot;.\" \/>\n<meta property=\"og:url\" content=\"https:\/\/fctiigrid.ee\/en\/product\/meeste-voistlussark-kodus\/\" \/>\n<meta property=\"og:site_name\" content=\"FC Tiigrid\" \/>\n<meta property=\"article:publisher\" content=\"https:\/\/www.facebook.com\/FCTiigrid\" \/>\n<meta property=\"article:modified_time\" content=\"2022-09-19T10:18:41+00:00\" \/>\n<meta property=\"og:image\" content=\"https:\/\/fctiigrid.ee\/wp-content\/uploads\/2022\/08\/894230-815-phsfh002.jpg\" \/>\n\t<meta property=\"og:image:width\" content=\"1800\" \/>\n\t<meta property=\"og:image:height\" content=\"1800\" \/>\n\t<meta property=\"og:image:type\" content=\"image\/jpeg\" \/>\n<meta name=\"twitter:card\" content=\"summary_large_image\" \/>\n<meta name=\"twitter:label1\" content=\"Est. reading time\" \/>\n\t<meta name=\"twitter:data1\" content=\"1 minute\" \/>\n<script type=\"application\/ld+json\" class=\"yoast-schema-graph\">{\"@context\":\"https:\\\/\\\/schema.org\",\"@graph\":[{\"@type\":\"WebPage\",\"@id\":\"https:\\\/\\\/fctiigrid.ee\\\/product\\\/meeste-voistlussark-kodus\\\/\",\"url\":\"https:\\\/\\\/fctiigrid.ee\\\/product\\\/meeste-voistlussark-kodus\\\/\",\"name\":\"Meeste V\u00f5istluss\u00e4rk \\\"Kodus\\\" - FC Tiigrid\",\"isPartOf\":{\"@id\":\"https:\\\/\\\/fctiigrid.ee\\\/#website\"},\"primaryImageOfPage\":{\"@id\":\"https:\\\/\\\/fctiigrid.ee\\\/product\\\/meeste-voistlussark-kodus\\\/#primaryimage\"},\"image\":{\"@id\":\"https:\\\/\\\/fctiigrid.ee\\\/product\\\/meeste-voistlussark-kodus\\\/#primaryimage\"},\"thumbnailUrl\":\"https:\\\/\\\/fctiigrid.ee\\\/wp-content\\\/uploads\\\/2022\\\/08\\\/894230-815-phsfh002.jpg\",\"datePublished\":\"2022-08-16T13:40:06+00:00\",\"dateModified\":\"2022-09-19T10:18:41+00:00\",\"breadcrumb\":{\"@id\":\"https:\\\/\\\/fctiigrid.ee\\\/product\\\/meeste-voistlussark-kodus\\\/#breadcrumb\"},\"inLanguage\":\"en-US\",\"potentialAction\":[{\"@type\":\"ReadAction\",\"target\":[\"https:\\\/\\\/fctiigrid.ee\\\/product\\\/meeste-voistlussark-kodus\\\/\"]}]},{\"@type\":\"ImageObject\",\"inLanguage\":\"en-US\",\"@id\":\"https:\\\/\\\/fctiigrid.ee\\\/product\\\/meeste-voistlussark-kodus\\\/#primaryimage\",\"url\":\"https:\\\/\\\/fctiigrid.ee\\\/wp-content\\\/uploads\\\/2022\\\/08\\\/894230-815-phsfh002.jpg\",\"contentUrl\":\"https:\\\/\\\/fctiigrid.ee\\\/wp-content\\\/uploads\\\/2022\\\/08\\\/894230-815-phsfh002.jpg\",\"width\":1800,\"height\":1800},{\"@type\":\"BreadcrumbList\",\"@id\":\"https:\\\/\\\/fctiigrid.ee\\\/product\\\/meeste-voistlussark-kodus\\\/#breadcrumb\",\"itemListElement\":[{\"@type\":\"ListItem\",\"position\":1,\"name\":\"Home\",\"item\":\"https:\\\/\\\/fctiigrid.ee\\\/\"},{\"@type\":\"ListItem\",\"position\":2,\"name\":\"Pood\",\"item\":\"https:\\\/\\\/fctiigrid.ee\\\/pood-2\\\/\"},{\"@type\":\"ListItem\",\"position\":3,\"name\":\"Meeste V\u00f5istluss\u00e4rk &#8220;Kodus&#8221;\"}]},{\"@type\":\"WebSite\",\"@id\":\"https:\\\/\\\/fctiigrid.ee\\\/#website\",\"url\":\"https:\\\/\\\/fctiigrid.ee\\\/\",\"name\":\"FC Tiigrid\",\"description\":\"FC Tiigrid &amp; JK Loo\",\"potentialAction\":[{\"@type\":\"SearchAction\",\"target\":{\"@type\":\"EntryPoint\",\"urlTemplate\":\"https:\\\/\\\/fctiigrid.ee\\\/?s={search_term_string}\"},\"query-input\":{\"@type\":\"PropertyValueSpecification\",\"valueRequired\":true,\"valueName\":\"search_term_string\"}}],\"inLanguage\":\"en-US\"}]}<\/script>\n<!-- \/ Yoast SEO plugin. -->","yoast_head_json":{"title":"Meeste V\u00f5istluss\u00e4rk \"Kodus\" - FC Tiigrid","robots":{"index":"index","follow":"follow","max-snippet":"max-snippet:-1","max-image-preview":"max-image-preview:large","max-video-preview":"max-video-preview:-1"},"canonical":"https:\/\/fctiigrid.ee\/en\/product\/meeste-voistlussark-kodus\/","og_locale":"en_US","og_type":"article","og_title":"Meeste V\u00f5istluss\u00e4rk \"Kodus\" - FC Tiigrid","og_description":"Kuumpresstr\u00fckkis m\u00e4ngija nimi, m\u00e4ngija number ja tikitud klubi embleem.  Esmakordsel tellimusel palume m\u00e4ngija numbriks m\u00e4rkida \"00\".","og_url":"https:\/\/fctiigrid.ee\/en\/product\/meeste-voistlussark-kodus\/","og_site_name":"FC Tiigrid","article_publisher":"https:\/\/www.facebook.com\/FCTiigrid","article_modified_time":"2022-09-19T10:18:41+00:00","og_image":[{"width":1800,"height":1800,"url":"https:\/\/fctiigrid.ee\/wp-content\/uploads\/2022\/08\/894230-815-phsfh002.jpg","type":"image\/jpeg"}],"twitter_card":"summary_large_image","twitter_misc":{"Est. reading time":"1 minute"},"schema":{"@context":"https:\/\/schema.org","@graph":[{"@type":"WebPage","@id":"https:\/\/fctiigrid.ee\/product\/meeste-voistlussark-kodus\/","url":"https:\/\/fctiigrid.ee\/product\/meeste-voistlussark-kodus\/","name":"Meeste V\u00f5istluss\u00e4rk \"Kodus\" - FC Tiigrid","isPartOf":{"@id":"https:\/\/fctiigrid.ee\/#website"},"primaryImageOfPage":{"@id":"https:\/\/fctiigrid.ee\/product\/meeste-voistlussark-kodus\/#primaryimage"},"image":{"@id":"https:\/\/fctiigrid.ee\/product\/meeste-voistlussark-kodus\/#primaryimage"},"thumbnailUrl":"https:\/\/fctiigrid.ee\/wp-content\/uploads\/2022\/08\/894230-815-phsfh002.jpg","datePublished":"2022-08-16T13:40:06+00:00","dateModified":"2022-09-19T10:18:41+00:00","breadcrumb":{"@id":"https:\/\/fctiigrid.ee\/product\/meeste-voistlussark-kodus\/#breadcrumb"},"inLanguage":"en-US","potentialAction":[{"@type":"ReadAction","target":["https:\/\/fctiigrid.ee\/product\/meeste-voistlussark-kodus\/"]}]},{"@type":"ImageObject","inLanguage":"en-US","@id":"https:\/\/fctiigrid.ee\/product\/meeste-voistlussark-kodus\/#primaryimage","url":"https:\/\/fctiigrid.ee\/wp-content\/uploads\/2022\/08\/894230-815-phsfh002.jpg","contentUrl":"https:\/\/fctiigrid.ee\/wp-content\/uploads\/2022\/08\/894230-815-phsfh002.jpg","width":1800,"height":1800},{"@type":"BreadcrumbList","@id":"https:\/\/fctiigrid.ee\/product\/meeste-voistlussark-kodus\/#breadcrumb","itemListElement":[{"@type":"ListItem","position":1,"name":"Home","item":"https:\/\/fctiigrid.ee\/"},{"@type":"ListItem","position":2,"name":"Pood","item":"https:\/\/fctiigrid.ee\/pood-2\/"},{"@type":"ListItem","position":3,"name":"Meeste V\u00f5istluss\u00e4rk &#8220;Kodus&#8221;"}]},{"@type":"WebSite","@id":"https:\/\/fctiigrid.ee\/#website","url":"https:\/\/fctiigrid.ee\/","name":"FC Tiigrid","description":"FC Tiigrid &amp; JK Loo","potentialAction":[{"@type":"SearchAction","target":{"@type":"EntryPoint","urlTemplate":"https:\/\/fctiigrid.ee\/?s={search_term_string}"},"query-input":{"@type":"PropertyValueSpecification","valueRequired":true,"valueName":"search_term_string"}}],"inLanguage":"en-US"}]}},"_links":{"self":[{"href":"https:\/\/fctiigrid.ee\/en\/wp-json\/wp\/v2\/product\/187","targetHints":{"allow":["GET"]}}],"collection":[{"href":"https:\/\/fctiigrid.ee\/en\/wp-json\/wp\/v2\/product"}],"about":[{"href":"https:\/\/fctiigrid.ee\/en\/wp-json\/wp\/v2\/types\/product"}],"replies":[{"embeddable":true,"href":"https:\/\/fctiigrid.ee\/en\/wp-json\/wp\/v2\/comments?post=187"}],"wp:featuredmedia":[{"embeddable":true,"href":"https:\/\/fctiigrid.ee\/en\/wp-json\/wp\/v2\/media\/178"}],"wp:attachment":[{"href":"https:\/\/fctiigrid.ee\/en\/wp-json\/wp\/v2\/media?parent=187"}],"wp:term":[{"taxonomy":"product_brand","embeddable":true,"href":"https:\/\/fctiigrid.ee\/en\/wp-json\/wp\/v2\/product_brand?post=187"},{"taxonomy":"product_cat","embeddable":true,"href":"https:\/\/fctiigrid.ee\/en\/wp-json\/wp\/v2\/product_cat?post=187"},{"taxonomy":"product_tag","embeddable":true,"href":"https:\/\/fctiigrid.ee\/en\/wp-json\/wp\/v2\/product_tag?post=187"}],"curies":[{"name":"wp","href":"https:\/\/api.w.org\/{rel}","templated":true}]}}