{"id":47,"date":"2022-08-16T10:12:27","date_gmt":"2022-08-16T10:12:27","guid":{"rendered":"https:\/\/fctiigrid.ee\/?page_id=47"},"modified":"2022-09-02T19:41:06","modified_gmt":"2022-09-02T19:41:06","slug":"laagrid","status":"publish","type":"page","link":"https:\/\/fctiigrid.ee\/en\/laagrid\/","title":{"rendered":"Laagrid"},"content":{"rendered":"<div data-elementor-type=\"wp-page\" data-elementor-id=\"47\" class=\"elementor elementor-47\">\n\t\t\t\t\t\t<section class=\"elementor-section elementor-top-section elementor-element elementor-element-370fdf6 elementor-section-boxed elementor-section-height-default elementor-section-height-default\" data-id=\"370fdf6\" data-element_type=\"section\" data-e-type=\"section\">\n\t\t\t\t\t\t<div class=\"elementor-container elementor-column-gap-default\">\n\t\t\t\t\t<div class=\"elementor-column elementor-col-100 elementor-top-column elementor-element elementor-element-17bb038\" data-id=\"17bb038\" data-element_type=\"column\" data-e-type=\"column\">\n\t\t\t<div class=\"elementor-widget-wrap elementor-element-populated\">\n\t\t\t\t\t\t<div class=\"elementor-element elementor-element-69aa2bf elementor-widget elementor-widget-spacer\" data-id=\"69aa2bf\" data-element_type=\"widget\" data-e-type=\"widget\" data-widget_type=\"spacer.default\">\n\t\t\t\t<div class=\"elementor-widget-container\">\n\t\t\t\t\t\t\t<div class=\"elementor-spacer\">\n\t\t\t<div class=\"elementor-spacer-inner\"><\/div>\n\t\t<\/div>\n\t\t\t\t\t\t<\/div>\n\t\t\t\t<\/div>\n\t\t\t\t<div class=\"elementor-element elementor-element-56ea762 elementor-widget elementor-widget-heading\" data-id=\"56ea762\" data-element_type=\"widget\" data-e-type=\"widget\" data-widget_type=\"heading.default\">\n\t\t\t\t<div class=\"elementor-widget-container\">\n\t\t\t\t\t<h2 class=\"elementor-heading-title elementor-size-default\">Laagrid<\/h2>\t\t\t\t<\/div>\n\t\t\t\t<\/div>\n\t\t\t\t<div class=\"elementor-element elementor-element-16ec034 elementor-tabs-view-horizontal elementor-widget elementor-widget-tabs\" data-id=\"16ec034\" data-element_type=\"widget\" data-e-type=\"widget\" data-widget_type=\"tabs.default\">\n\t\t\t\t<div class=\"elementor-widget-container\">\n\t\t\t\t\t\t\t<div class=\"elementor-tabs\">\n\t\t\t<div class=\"elementor-tabs-wrapper\" role=\"tablist\" >\n\t\t\t\t\t\t\t\t\t<div id=\"elementor-tab-title-2401\" class=\"elementor-tab-title elementor-tab-desktop-title\" aria-selected=\"true\" data-tab=\"1\" role=\"tab\" tabindex=\"0\" aria-controls=\"elementor-tab-content-2401\" aria-expanded=\"false\">Linnalaager<\/div>\n\t\t\t\t\t\t\t\t\t<div id=\"elementor-tab-title-2402\" class=\"elementor-tab-title elementor-tab-desktop-title\" aria-selected=\"false\" data-tab=\"2\" role=\"tab\" tabindex=\"-1\" aria-controls=\"elementor-tab-content-2402\" aria-expanded=\"false\">Hiiumaa Suvelaager<\/div>\n\t\t\t\t\t\t\t<\/div>\n\t\t\t<div class=\"elementor-tabs-content-wrapper\" role=\"tablist\" aria-orientation=\"vertical\">\n\t\t\t\t\t\t\t\t\t<div class=\"elementor-tab-title elementor-tab-mobile-title\" aria-selected=\"true\" data-tab=\"1\" role=\"tab\" tabindex=\"0\" aria-controls=\"elementor-tab-content-2401\" aria-expanded=\"false\">Linnalaager<\/div>\n\t\t\t\t\t<div id=\"elementor-tab-content-2401\" class=\"elementor-tab-content elementor-clearfix\" data-tab=\"1\" role=\"tabpanel\" aria-labelledby=\"elementor-tab-title-2401\" tabindex=\"0\" hidden=\"false\"><p><b>FC Tiigrid korraldab oma liikmetele ja s\u00f5pradele iga-aastaseid linnalaagreid.<br \/><\/b><span style=\"color: var( --e-global-color-text ); font-family: var( --e-global-typography-text-font-family ), Sans-serif; font-weight: var( --e-global-typography-text-font-weight );\">Linnalaagri I vahetus toimub traditsiooniliselt koos k\u00fclalistreeneritega v\u00e4lismaalt (juuni 2. v\u00f5i 3. n\u00e4dalal).<br \/><\/span><span style=\"color: var( --e-global-color-text ); font-family: var( --e-global-typography-text-font-family ), Sans-serif; font-weight: var( --e-global-typography-text-font-weight );\">Linnalaagri II vahetus toimub augusti 3. v\u00f5i 4. n\u00e4dalal.<br \/><\/span><span style=\"color: var( --e-global-color-text ); font-family: var( --e-global-typography-text-font-family ), Sans-serif; font-weight: var( --e-global-typography-text-font-weight );\">Suvelaager toimub tavaliselt juulis v\u00f5i augustis. Suvelaagrid on siiani toimunud Viljandis, Paides, Hiiumaal.<\/span><\/p><p><b><span style=\"color: var( --e-global-color-text ); font-family: var( --e-global-typography-text-font-family ), Sans-serif;\">FC Tiigrid linnalaagri p\u00e4evakava n\u00e4idis:<\/span><br \/><\/b><\/p><p><b>E.<br \/><\/b><span style=\"color: var( --e-global-color-text ); font-family: var( --e-global-typography-text-font-family ), Sans-serif; font-weight: var( --e-global-typography-text-font-weight );\">9:15\u00a0 Kogunemine Shnelli staadion<br \/><\/span><span style=\"color: var( --e-global-color-text ); font-family: var( --e-global-typography-text-font-family ), Sans-serif; font-weight: var( --e-global-typography-text-font-weight );\">9:30 \u2013 11.00 Treening<br \/><\/span><span style=\"color: var( --e-global-color-text ); font-family: var( --e-global-typography-text-font-family ), Sans-serif; font-weight: var( --e-global-typography-text-font-weight );\">11:30 Kino<br \/><\/span><span style=\"color: var( --e-global-color-text ); font-family: var( --e-global-typography-text-font-family ), Sans-serif; font-weight: var( --e-global-typography-text-font-weight );\">14:00 L\u00f5una<br \/><\/span><span style=\"color: var( --e-global-color-text ); font-family: var( --e-global-typography-text-font-family ), Sans-serif; font-weight: var( --e-global-typography-text-font-weight );\">15:00\u00a0 \u2013 17:00\u00a0 Treening, erinevad v\u00f5istlused<\/span><\/p><p><b>T.<br \/><\/b><span style=\"color: var( --e-global-color-text ); font-family: var( --e-global-typography-text-font-family ), Sans-serif; font-weight: var( --e-global-typography-text-font-weight );\">9:15\u00a0 Kogunemine Shnelli staadion<br \/><\/span><span style=\"color: var( --e-global-color-text ); font-family: var( --e-global-typography-text-font-family ), Sans-serif; font-weight: var( --e-global-typography-text-font-weight );\">9:30 \u2013 11.00 Treening<br \/><\/span><span style=\"color: var( --e-global-color-text ); font-family: var( --e-global-typography-text-font-family ), Sans-serif; font-weight: var( --e-global-typography-text-font-weight );\">12:00 Lasergame<br \/><\/span><span style=\"color: var( --e-global-color-text ); font-family: var( --e-global-typography-text-font-family ), Sans-serif; font-weight: var( --e-global-typography-text-font-weight );\">14:00 L\u00f5una<br \/><\/span><span style=\"color: var( --e-global-color-text ); font-family: var( --e-global-typography-text-font-family ), Sans-serif; font-weight: var( --e-global-typography-text-font-weight );\">15:00 \u2013 17:00 Treening\/ erinevad v\u00f5istlused<\/span><\/p><p><b>K.<br \/><\/b><span style=\"color: var( --e-global-color-text ); font-family: var( --e-global-typography-text-font-family ), Sans-serif; font-weight: var( --e-global-typography-text-font-weight );\">9:15\u00a0 Kogunemine Shnelli staadion<br \/><\/span><span style=\"color: var( --e-global-color-text ); font-family: var( --e-global-typography-text-font-family ), Sans-serif; font-weight: var( --e-global-typography-text-font-weight );\">9:30 \u2013 11.00 Erinevad v\u00f5istlused<br \/><\/span><span style=\"color: var( --e-global-color-text ); font-family: var( --e-global-typography-text-font-family ), Sans-serif; font-weight: var( --e-global-typography-text-font-weight );\">11:30 \u2013 13:00 Rannajalgpall Stroomi rannas<br \/><\/span><span style=\"color: var( --e-global-color-text ); font-family: var( --e-global-typography-text-font-family ), Sans-serif; font-weight: var( --e-global-typography-text-font-weight );\">14:00 L\u00f5una<br \/><\/span><span style=\"color: var( --e-global-color-text ); font-family: var( --e-global-typography-text-font-family ), Sans-serif; font-weight: var( --e-global-typography-text-font-weight );\">15:00 -16:30 Treening<\/span><\/p><p><b>N.<br \/><\/b><span style=\"color: var( --e-global-color-text ); font-family: var( --e-global-typography-text-font-family ), Sans-serif; font-weight: var( --e-global-typography-text-font-weight );\">9:15\u00a0 Kogunemine Shnelli staadion<br \/><\/span><span style=\"color: var( --e-global-color-text ); font-family: var( --e-global-typography-text-font-family ), Sans-serif; font-weight: var( --e-global-typography-text-font-weight );\">9:30 \u2013\u00a0 11:30 Treening<br \/><\/span><span style=\"color: var( --e-global-color-text ); font-family: var( --e-global-typography-text-font-family ), Sans-serif; font-weight: var( --e-global-typography-text-font-weight );\">12:00 Veekeskuse k\u00fclastus<br \/><\/span><span style=\"color: var( --e-global-color-text ); font-family: var( --e-global-typography-text-font-family ), Sans-serif; font-weight: var( --e-global-typography-text-font-weight );\">14:00 L\u00f5una<br \/><\/span><span style=\"color: var( --e-global-color-text ); font-family: var( --e-global-typography-text-font-family ), Sans-serif; font-weight: var( --e-global-typography-text-font-weight );\">15:00- 16.30 Treening\/ erinevad v\u00f5istlused<\/span><\/p><p><b>R.<br \/><\/b><span style=\"color: var( --e-global-color-text ); font-family: var( --e-global-typography-text-font-family ), Sans-serif; font-weight: var( --e-global-typography-text-font-weight );\">9:15\u00a0 Kogunemine Shnelli staadion<br \/><\/span><span style=\"color: var( --e-global-color-text ); font-family: var( --e-global-typography-text-font-family ), Sans-serif; font-weight: var( --e-global-typography-text-font-weight );\">9:30 \u2013 11:30 Treening<br \/><\/span><span style=\"color: var( --e-global-color-text ); font-family: var( --e-global-typography-text-font-family ), Sans-serif; font-weight: var( --e-global-typography-text-font-weight );\">12:00 \u2013 13:30 Loomaaed\/Bowling<br \/><\/span><span style=\"color: var( --e-global-color-text ); font-family: var( --e-global-typography-text-font-family ), Sans-serif; font-weight: var( --e-global-typography-text-font-weight );\">14:00 L\u00f5una<br \/><\/span><span style=\"color: var( --e-global-color-text ); font-family: var( --e-global-typography-text-font-family ), Sans-serif; font-weight: var( --e-global-typography-text-font-weight );\">15:00 \u2013 16:00 Erinevad v\u00f5istlused<br \/><\/span><span style=\"color: var( --e-global-color-text ); font-family: var( --e-global-typography-text-font-family ), Sans-serif; font-weight: var( --e-global-typography-text-font-weight );\">16:30\u00a0 S\u00f5pruskohtumine : Lapsevanemad vs Lapsed<\/span><\/p><\/div>\n\t\t\t\t\t\t\t\t\t<div class=\"elementor-tab-title elementor-tab-mobile-title\" aria-selected=\"false\" data-tab=\"2\" role=\"tab\" tabindex=\"-1\" aria-controls=\"elementor-tab-content-2402\" aria-expanded=\"false\">Hiiumaa Suvelaager<\/div>\n\t\t\t\t\t<div id=\"elementor-tab-content-2402\" class=\"elementor-tab-content elementor-clearfix\" data-tab=\"2\" role=\"tabpanel\" aria-labelledby=\"elementor-tab-title-2402\" tabindex=\"0\" hidden=\"hidden\"><p>Laagri eesm\u00e4rgiks on t\u00f5sta FC Tiigrid meeskonnavaimu l\u00e4bi laagridistsipliini ja meeskonnat\u00f6\u00f6. Laagri raames toimuvad mitmek\u00fclgsed treeningud ja s\u00f5pruskohtumised. Vabal ajal m\u00e4ngime erinevaid m\u00e4nge, naudime rannav\u00f5lusid ja avastame K\u00e4rdla linna. Poisid saavad osaleda Monopoly turniiril ja filmi\u00f5htul.<\/p><p>Laagri hinnaks on <strong>145\u20ac<\/strong>, mis sisaldab taskuraha 10\u20ac, majutust K\u00e4rdla \u00f5pilaskodus, mitmek\u00fclgseid hommiku-, l\u00f5una- ja \u00f5htus\u00f6\u00f6ke kohvikus Viiger, l\u00f5una- ja \u00f5htuooteid, treeneri- ja treeningkulusid K\u00e4rdla staadionitel, transporti (buss+praam), v\u00f5istluste auhindu, muud kulud(med-pakk jne).<\/p><p>Eelregistreerimiseks palun saata poisi nimi ja s\u00fcnniaasta meilile: <strong>eerik@fctiigrid.ee<\/strong>.<br \/>Registreerimine on kinnitatud peale ettemaksu <strong>50\u20ac<\/strong> laekumist.<br \/>Ettemaks tuleb kanda <strong>Loo Jalgpalliklubi MT\u00dc<\/strong> arveldusarvele <strong>EE681010220203672225<\/strong>.<br \/>Selgitusse: Hiiumaa laager, lapse ees- ja perekonnanimi, s\u00fcnniaasta (n\u00e4iteks: Hiiumaa laager, J\u00fcri Tamm, 2007).<\/p><p>Lapse haigestumise v\u00f5i puudumise korral kuuluvad tasumisele \u00fcldised kulud (buss, treener, staadion).<\/p><p>Ettemaksu t\u00e4htajad:<br \/>9.07.2018 (2007-2008 a. s\u00fcnd. poisid).<br \/>13.07.2018 (2004-2006 a. s\u00fcnd. poisid).<br \/><strong>NB! Hilisematele registreerijatele lisandub laagri maksumusele 10\u20ac.<\/strong><\/p><p>Lisainfo:<strong> eerik@fctiigrid.ee<\/strong> v\u00f5i <strong>58 092 967<\/strong><\/p><\/div>\n\t\t\t\t\t\t\t<\/div>\n\t\t<\/div>\n\t\t\t\t\t\t<\/div>\n\t\t\t\t<\/div>\n\t\t\t\t<div class=\"elementor-element elementor-element-5face2e elementor-widget elementor-widget-spacer\" data-id=\"5face2e\" data-element_type=\"widget\" data-e-type=\"widget\" data-widget_type=\"spacer.default\">\n\t\t\t\t<div class=\"elementor-widget-container\">\n\t\t\t\t\t\t\t<div class=\"elementor-spacer\">\n\t\t\t<div class=\"elementor-spacer-inner\"><\/div>\n\t\t<\/div>\n\t\t\t\t\t\t<\/div>\n\t\t\t\t<\/div>\n\t\t\t\t\t<\/div>\n\t\t<\/div>\n\t\t\t\t\t<\/div>\n\t\t<\/section>\n\t\t\t\t<\/div>","protected":false},"excerpt":{"rendered":"<p>Laagrid Linnalaager Hiiumaa Suvelaager Linnalaager FC Tiigrid korraldab oma liikmetele ja s\u00f5pradele iga-aastaseid linnalaagreid.Linnalaagri I vahetus toimub traditsiooniliselt koos k\u00fclalistreeneritega v\u00e4lismaalt (juuni 2. v\u00f5i 3. n\u00e4dalal).Linnalaagri II vahetus toimub augusti 3. v\u00f5i 4. n\u00e4dalal.Suvelaager toimub tavaliselt juulis v\u00f5i augustis. Suvelaagrid on siiani toimunud Viljandis, Paides, Hiiumaal. FC Tiigrid linnalaagri p\u00e4evakava&hellip;<\/p>","protected":false},"author":2,"featured_media":0,"parent":0,"menu_order":0,"comment_status":"closed","ping_status":"closed","template":"elementor_header_footer","meta":{"footnotes":""},"class_list":["post-47","page","type-page","status-publish","hentry"],"yoast_head":"<!-- This site is optimized with the Yoast SEO plugin v27.4 - https:\/\/yoast.com\/product\/yoast-seo-wordpress\/ -->\n<title>Laagrid - FC Tiigrid<\/title>\n<meta name=\"robots\" content=\"index, follow, max-snippet:-1, max-image-preview:large, max-video-preview:-1\" \/>\n<link rel=\"canonical\" href=\"https:\/\/fctiigrid.ee\/en\/laagrid\/\" \/>\n<meta property=\"og:locale\" content=\"en_US\" \/>\n<meta property=\"og:type\" content=\"article\" \/>\n<meta property=\"og:title\" content=\"Laagrid - FC Tiigrid\" \/>\n<meta property=\"og:description\" content=\"Laagrid Linnalaager Hiiumaa Suvelaager Linnalaager FC Tiigrid korraldab oma liikmetele ja s\u00f5pradele iga-aastaseid linnalaagreid.Linnalaagri I vahetus toimub traditsiooniliselt koos k\u00fclalistreeneritega v\u00e4lismaalt (juuni 2. v\u00f5i 3. n\u00e4dalal).Linnalaagri II vahetus toimub augusti 3. v\u00f5i 4. n\u00e4dalal.Suvelaager toimub tavaliselt juulis v\u00f5i augustis. Suvelaagrid on siiani toimunud Viljandis, Paides, Hiiumaal. FC Tiigrid linnalaagri p\u00e4evakava&hellip;\" \/>\n<meta property=\"og:url\" content=\"https:\/\/fctiigrid.ee\/en\/laagrid\/\" \/>\n<meta property=\"og:site_name\" content=\"FC Tiigrid\" \/>\n<meta property=\"article:publisher\" content=\"https:\/\/www.facebook.com\/FCTiigrid\" \/>\n<meta property=\"article:modified_time\" content=\"2022-09-02T19:41:06+00:00\" \/>\n<meta name=\"twitter:card\" content=\"summary_large_image\" \/>\n<meta name=\"twitter:label1\" content=\"Est. reading time\" \/>\n\t<meta name=\"twitter:data1\" content=\"2 minutes\" \/>\n<script type=\"application\/ld+json\" class=\"yoast-schema-graph\">{\"@context\":\"https:\\\/\\\/schema.org\",\"@graph\":[{\"@type\":\"WebPage\",\"@id\":\"https:\\\/\\\/fctiigrid.ee\\\/laagrid\\\/\",\"url\":\"https:\\\/\\\/fctiigrid.ee\\\/laagrid\\\/\",\"name\":\"Laagrid - FC Tiigrid\",\"isPartOf\":{\"@id\":\"https:\\\/\\\/fctiigrid.ee\\\/#website\"},\"datePublished\":\"2022-08-16T10:12:27+00:00\",\"dateModified\":\"2022-09-02T19:41:06+00:00\",\"breadcrumb\":{\"@id\":\"https:\\\/\\\/fctiigrid.ee\\\/laagrid\\\/#breadcrumb\"},\"inLanguage\":\"en-US\",\"potentialAction\":[{\"@type\":\"ReadAction\",\"target\":[\"https:\\\/\\\/fctiigrid.ee\\\/laagrid\\\/\"]}]},{\"@type\":\"BreadcrumbList\",\"@id\":\"https:\\\/\\\/fctiigrid.ee\\\/laagrid\\\/#breadcrumb\",\"itemListElement\":[{\"@type\":\"ListItem\",\"position\":1,\"name\":\"Home\",\"item\":\"https:\\\/\\\/fctiigrid.ee\\\/\"},{\"@type\":\"ListItem\",\"position\":2,\"name\":\"Laagrid\"}]},{\"@type\":\"WebSite\",\"@id\":\"https:\\\/\\\/fctiigrid.ee\\\/#website\",\"url\":\"https:\\\/\\\/fctiigrid.ee\\\/\",\"name\":\"FC Tiigrid\",\"description\":\"FC Tiigrid &amp; JK Loo\",\"potentialAction\":[{\"@type\":\"SearchAction\",\"target\":{\"@type\":\"EntryPoint\",\"urlTemplate\":\"https:\\\/\\\/fctiigrid.ee\\\/?s={search_term_string}\"},\"query-input\":{\"@type\":\"PropertyValueSpecification\",\"valueRequired\":true,\"valueName\":\"search_term_string\"}}],\"inLanguage\":\"en-US\"}]}<\/script>\n<!-- \/ Yoast SEO plugin. -->","yoast_head_json":{"title":"Laagrid - FC Tiigrid","robots":{"index":"index","follow":"follow","max-snippet":"max-snippet:-1","max-image-preview":"max-image-preview:large","max-video-preview":"max-video-preview:-1"},"canonical":"https:\/\/fctiigrid.ee\/en\/laagrid\/","og_locale":"en_US","og_type":"article","og_title":"Laagrid - FC Tiigrid","og_description":"Laagrid Linnalaager Hiiumaa Suvelaager Linnalaager FC Tiigrid korraldab oma liikmetele ja s\u00f5pradele iga-aastaseid linnalaagreid.Linnalaagri I vahetus toimub traditsiooniliselt koos k\u00fclalistreeneritega v\u00e4lismaalt (juuni 2. v\u00f5i 3. n\u00e4dalal).Linnalaagri II vahetus toimub augusti 3. v\u00f5i 4. n\u00e4dalal.Suvelaager toimub tavaliselt juulis v\u00f5i augustis. Suvelaagrid on siiani toimunud Viljandis, Paides, Hiiumaal. FC Tiigrid linnalaagri p\u00e4evakava&hellip;","og_url":"https:\/\/fctiigrid.ee\/en\/laagrid\/","og_site_name":"FC Tiigrid","article_publisher":"https:\/\/www.facebook.com\/FCTiigrid","article_modified_time":"2022-09-02T19:41:06+00:00","twitter_card":"summary_large_image","twitter_misc":{"Est. reading time":"2 minutes"},"schema":{"@context":"https:\/\/schema.org","@graph":[{"@type":"WebPage","@id":"https:\/\/fctiigrid.ee\/laagrid\/","url":"https:\/\/fctiigrid.ee\/laagrid\/","name":"Laagrid - FC Tiigrid","isPartOf":{"@id":"https:\/\/fctiigrid.ee\/#website"},"datePublished":"2022-08-16T10:12:27+00:00","dateModified":"2022-09-02T19:41:06+00:00","breadcrumb":{"@id":"https:\/\/fctiigrid.ee\/laagrid\/#breadcrumb"},"inLanguage":"en-US","potentialAction":[{"@type":"ReadAction","target":["https:\/\/fctiigrid.ee\/laagrid\/"]}]},{"@type":"BreadcrumbList","@id":"https:\/\/fctiigrid.ee\/laagrid\/#breadcrumb","itemListElement":[{"@type":"ListItem","position":1,"name":"Home","item":"https:\/\/fctiigrid.ee\/"},{"@type":"ListItem","position":2,"name":"Laagrid"}]},{"@type":"WebSite","@id":"https:\/\/fctiigrid.ee\/#website","url":"https:\/\/fctiigrid.ee\/","name":"FC Tiigrid","description":"FC Tiigrid &amp; JK Loo","potentialAction":[{"@type":"SearchAction","target":{"@type":"EntryPoint","urlTemplate":"https:\/\/fctiigrid.ee\/?s={search_term_string}"},"query-input":{"@type":"PropertyValueSpecification","valueRequired":true,"valueName":"search_term_string"}}],"inLanguage":"en-US"}]}},"_links":{"self":[{"href":"https:\/\/fctiigrid.ee\/en\/wp-json\/wp\/v2\/pages\/47","targetHints":{"allow":["GET"]}}],"collection":[{"href":"https:\/\/fctiigrid.ee\/en\/wp-json\/wp\/v2\/pages"}],"about":[{"href":"https:\/\/fctiigrid.ee\/en\/wp-json\/wp\/v2\/types\/page"}],"author":[{"embeddable":true,"href":"https:\/\/fctiigrid.ee\/en\/wp-json\/wp\/v2\/users\/2"}],"replies":[{"embeddable":true,"href":"https:\/\/fctiigrid.ee\/en\/wp-json\/wp\/v2\/comments?post=47"}],"version-history":[{"count":16,"href":"https:\/\/fctiigrid.ee\/en\/wp-json\/wp\/v2\/pages\/47\/revisions"}],"predecessor-version":[{"id":573,"href":"https:\/\/fctiigrid.ee\/en\/wp-json\/wp\/v2\/pages\/47\/revisions\/573"}],"wp:attachment":[{"href":"https:\/\/fctiigrid.ee\/en\/wp-json\/wp\/v2\/media?parent=47"}],"curies":[{"name":"wp","href":"https:\/\/api.w.org\/{rel}","templated":true}]}}