{"id":426,"date":"2022-08-25T18:42:59","date_gmt":"2022-08-25T18:42:59","guid":{"rendered":"https:\/\/fctiigrid.ee\/?page_id=426"},"modified":"2025-04-09T08:32:40","modified_gmt":"2025-04-09T08:32:40","slug":"registreerimine-e-jalgpallikooli-ja-liikmemaksu-reeglid","status":"publish","type":"page","link":"https:\/\/fctiigrid.ee\/en\/registreerimine-e-jalgpallikooli-ja-liikmemaksu-reeglid\/","title":{"rendered":"Registreerimine E-Jalgpallikooli ja liikmemaksu reeglid"},"content":{"rendered":"<div data-elementor-type=\"wp-page\" data-elementor-id=\"426\" class=\"elementor elementor-426\">\n\t\t\t\t\t\t<section class=\"elementor-section elementor-top-section elementor-element elementor-element-d823b7b elementor-hidden-mobile elementor-section-boxed elementor-section-height-default elementor-section-height-default\" data-id=\"d823b7b\" data-element_type=\"section\" data-e-type=\"section\">\n\t\t\t\t\t\t<div class=\"elementor-container elementor-column-gap-default\">\n\t\t\t\t\t<div class=\"elementor-column elementor-col-100 elementor-top-column elementor-element elementor-element-e75d4d2\" data-id=\"e75d4d2\" data-element_type=\"column\" data-e-type=\"column\">\n\t\t\t<div class=\"elementor-widget-wrap elementor-element-populated\">\n\t\t\t\t\t\t<div class=\"elementor-element elementor-element-32e1a54 elementor-widget elementor-widget-spacer\" data-id=\"32e1a54\" data-element_type=\"widget\" data-e-type=\"widget\" data-widget_type=\"spacer.default\">\n\t\t\t\t<div class=\"elementor-widget-container\">\n\t\t\t\t\t\t\t<div class=\"elementor-spacer\">\n\t\t\t<div class=\"elementor-spacer-inner\"><\/div>\n\t\t<\/div>\n\t\t\t\t\t\t<\/div>\n\t\t\t\t<\/div>\n\t\t\t\t<div class=\"elementor-element elementor-element-d8da69a elementor-widget elementor-widget-heading\" data-id=\"d8da69a\" data-element_type=\"widget\" data-e-type=\"widget\" data-widget_type=\"heading.default\">\n\t\t\t\t<div class=\"elementor-widget-container\">\n\t\t\t\t\t<h2 class=\"elementor-heading-title elementor-size-default\">Registreerimine E-Jalgpallikooli ja liikmemaksu reeglid\n<\/h2>\t\t\t\t<\/div>\n\t\t\t\t<\/div>\n\t\t\t\t<section class=\"elementor-section elementor-inner-section elementor-element elementor-element-7fead66 elementor-section-boxed elementor-section-height-default elementor-section-height-default\" data-id=\"7fead66\" data-element_type=\"section\" data-e-type=\"section\">\n\t\t\t\t\t\t<div class=\"elementor-container elementor-column-gap-default\">\n\t\t\t\t\t<div class=\"elementor-column elementor-col-50 elementor-inner-column elementor-element elementor-element-b327e26\" data-id=\"b327e26\" data-element_type=\"column\" data-e-type=\"column\">\n\t\t\t<div class=\"elementor-widget-wrap elementor-element-populated\">\n\t\t\t\t\t\t<div class=\"elementor-element elementor-element-1cd374d elementor-widget__width-initial elementor-widget elementor-widget-text-editor\" data-id=\"1cd374d\" data-element_type=\"widget\" data-e-type=\"widget\" data-widget_type=\"text-editor.default\">\n\t\t\t\t<div class=\"elementor-widget-container\">\n\t\t\t\t\t\t\t\t\t<p align=\"left\"><span style=\"font-weight: bolder;\">Liikmemaksu suurus&nbsp;<\/span><\/p>\n<div dir=\"auto\">&nbsp;<\/div>\n<div dir=\"auto\">FC Tiigrid Tallinn 2011-2012&nbsp; &nbsp; 75.-<\/div>\n<div dir=\"auto\">&nbsp;<\/div>\n<div dir=\"auto\">FC Tiigrid Tallinn 2013-2014&nbsp; &nbsp;70.-<\/div>\n<div dir=\"auto\">&nbsp;<\/div>\n<div dir=\"auto\">FC Tiigrid Tallinn 2015-2018&nbsp; 70.-<\/div>\n<div dir=\"auto\">&nbsp;<\/div>\n<div dir=\"auto\">FC Tiigrid Loo 2010 &#8211; 2012 45.-<\/div>\n<div dir=\"auto\">&nbsp;<\/div>\n<div dir=\"auto\">FC Tiigrid Loo 2013-2018 45.-<\/div>\n<div dir=\"auto\">&nbsp;<\/div>\n<div dir=\"auto\"><br><\/div>\n<div dir=\"auto\">&nbsp;<\/div>\n<div dir=\"auto\">FC Tiigrid Peetri 2013-2015 55.-<\/div>\n<div dir=\"auto\">&nbsp;<\/div>\n<div dir=\"auto\">FC Tiigrid Peetri 2016-2017 55.-<\/div>\n<div dir=\"auto\">&nbsp;FC Tiigrid Peetri 2019-2020 45.-<\/div>\n<div dir=\"auto\">FC Tiigrid Kostivere 35.-<\/div>\t\t\t\t\t\t\t\t<\/div>\n\t\t\t\t<\/div>\n\t\t\t\t\t<\/div>\n\t\t<\/div>\n\t\t\t\t<div class=\"elementor-column elementor-col-50 elementor-inner-column elementor-element elementor-element-45bfcd9\" data-id=\"45bfcd9\" data-element_type=\"column\" data-e-type=\"column\">\n\t\t\t<div class=\"elementor-widget-wrap elementor-element-populated\">\n\t\t\t\t\t\t\t<\/div>\n\t\t<\/div>\n\t\t\t\t\t<\/div>\n\t\t<\/section>\n\t\t\t\t<div class=\"elementor-element elementor-element-a03530f elementor-widget elementor-widget-text-editor\" data-id=\"a03530f\" data-element_type=\"widget\" data-e-type=\"widget\" data-widget_type=\"text-editor.default\">\n\t\t\t\t<div class=\"elementor-widget-container\">\n\t\t\t\t\t\t\t\t\t<div><p align=\"left\"><span style=\"color: var( --e-global-color-text ); font-family: var( --e-global-typography-text-font-family ), Sans-serif; font-weight: var( --e-global-typography-text-font-weight );\">Klubiga liitumiseks (ja tulumaksu tagastuse saamiseks) on vaja laps registreerida E-jalgpallikoolis: (registreerib end lapsevanem ning sisselogides lisate lapse andmed ja alles p\u00e4rast seda \u00a0teete lepingu MT\u00dc Loo Jalgpalliklubiga )\u00a0<\/span><b style=\"color: var( --e-global-color-text ); font-family: var( --e-global-typography-text-font-family ), Sans-serif;\"><a href=\"http:\/\/vemi.ee\/extensions\/awi_vemi\/index.php?a=fctiigrid\" target=\"_blank\" rel=\"noopener\">LINK:<\/a><\/b><span style=\"color: var( --e-global-color-text ); font-family: var( --e-global-typography-text-font-family ), Sans-serif; font-weight: var( --e-global-typography-text-font-weight );\">\u00a0<\/span><a style=\"font-family: var( --e-global-typography-text-font-family ), Sans-serif; font-weight: var( --e-global-typography-text-font-weight ); background-color: #ffffff;\" href=\"http:\/\/www.vemi.ee\/\" target=\"_blank\" rel=\"noopener\">www.vemi.ee<\/a><span style=\"color: var( --e-global-color-text ); font-family: var( --e-global-typography-text-font-family ), Sans-serif; font-weight: var( --e-global-typography-text-font-weight );\">\u00a0Registreerimisel saate \u00a0viitenumbri, mida kindlasti kasutada arvete tasumisel!<\/span><\/p><\/div><p>Liikmemaks tuleb tasuda\u00a0<strong>Loo Jalgpalliklubi MT\u00dc<\/strong>\u00a0arveldusarvele<br \/><strong>10220068791011<\/strong>. Selgitusse palume m\u00e4rkida\u00a0<strong>lapse nimi<\/strong>\u00a0ja mis\u00a0<strong>kuu eest<\/strong><br \/><strong>maksate.<\/strong><br \/><strong>NB!<\/strong>\u00a0Kuumaksu tasumisel palume kasutada\u00a0<strong>viitenumbrit<\/strong>, mis on igal<br \/>lapsel identne. Viitenumbri leiate e-jalgpallikoolist.<\/p><div class=\"_38 direction_ltr\"><p>Klubi liikmemaks on p\u00fcsimaks, mida tuleb tasuda aastaringselt (k.a. suvekuud ja puhkused) ja ka juhul, kui treeningutest on puudutud (soodustust on v\u00f5imalik taotleda pikemaajalise haiguse v\u00f5i trauma korral, mis kestab kauem, kui kaheksa n\u00e4dalat. Tingimusel, et sellest informeeritakse koheselt klubi treenerit ning juhatajat).<\/p><p>Perioodil 20.06\u00a0-15.08 toimuvad\u00a0k\u00f5ikidel treeningr\u00fchmadel koondtreeningud Tallinnas.<\/p><p>Klubist lahkumise korral tuleb teavitada klubi juhtkonda v\u00e4hemalt kuu aega ette ning saata vabas vormis avaldus info@fctiigrid.ee (NB! vemi keskkonnas l\u00f5petamisest ei piisa).<\/p><p>Klubiga taasliitumisel tuleb tasuda \u00fche liikmemaksu suurune liitumistasu.<\/p><p>\u00a0<\/p><\/div><p><strong>Soodustused:<\/strong><\/p><p>\u25cf \u00a0 kui klubi treeningutel osaleb kaks v\u00f5i enam last \u00fchest<br \/>perekonnast, siis teine laps saab osaleda treeningutel 50% soodustusega ja kolmas laps tasuta\u00a0(v.a Rae ja J\u00f5el\u00e4htme valla lapsed)<\/p><p>\u25cf \u00a0 paljulapseliste (kolm ja enam) ja v\u00e4hekindlustatud perede laste\u00a0noorliikmemaksu soodustus 25-100% Tallinna LV sotsiaalabi osakonna<br \/>esildise v\u00f5i lapsevanema avalduse alusel<br \/>Lugupidamisega,<\/p><p>Sven Elenurm<br \/>+372 56 265 131<br \/>Email: sven@fctiigrid.ee<br \/><a href=\"https:\/\/fctiigrid.ee\/en\/\" target=\"_blank\" rel=\"noopener\">www.fctiigrid.ee<\/a><\/p>\t\t\t\t\t\t\t\t<\/div>\n\t\t\t\t<\/div>\n\t\t\t\t\t<\/div>\n\t\t<\/div>\n\t\t\t\t\t<\/div>\n\t\t<\/section>\n\t\t\t\t<section class=\"elementor-section elementor-top-section elementor-element elementor-element-ea2a43b elementor-hidden-desktop elementor-hidden-tablet elementor-section-boxed elementor-section-height-default elementor-section-height-default\" data-id=\"ea2a43b\" data-element_type=\"section\" data-e-type=\"section\">\n\t\t\t\t\t\t<div class=\"elementor-container elementor-column-gap-default\">\n\t\t\t\t\t<div class=\"elementor-column elementor-col-100 elementor-top-column elementor-element elementor-element-4a5e9d4\" data-id=\"4a5e9d4\" data-element_type=\"column\" data-e-type=\"column\">\n\t\t\t<div class=\"elementor-widget-wrap elementor-element-populated\">\n\t\t\t\t\t\t<div class=\"elementor-element elementor-element-9249646 elementor-widget elementor-widget-spacer\" data-id=\"9249646\" data-element_type=\"widget\" data-e-type=\"widget\" data-widget_type=\"spacer.default\">\n\t\t\t\t<div class=\"elementor-widget-container\">\n\t\t\t\t\t\t\t<div class=\"elementor-spacer\">\n\t\t\t<div class=\"elementor-spacer-inner\"><\/div>\n\t\t<\/div>\n\t\t\t\t\t\t<\/div>\n\t\t\t\t<\/div>\n\t\t\t\t<div class=\"elementor-element elementor-element-47be233 elementor-widget elementor-widget-heading\" data-id=\"47be233\" data-element_type=\"widget\" data-e-type=\"widget\" data-widget_type=\"heading.default\">\n\t\t\t\t<div class=\"elementor-widget-container\">\n\t\t\t\t\t<h2 class=\"elementor-heading-title elementor-size-default\">Registreerimine E-Jalgpallikooli ja liikmemaksu reeglid<\/h2>\t\t\t\t<\/div>\n\t\t\t\t<\/div>\n\t\t\t\t<div class=\"elementor-element elementor-element-5422990 elementor-widget elementor-widget-text-editor\" data-id=\"5422990\" data-element_type=\"widget\" data-e-type=\"widget\" data-widget_type=\"text-editor.default\">\n\t\t\t\t<div class=\"elementor-widget-container\">\n\t\t\t\t\t\t\t\t\t<div><p align=\"left\"><strong>Liikmemaksu suurus\u00a0<\/strong><\/p><div class=\"elementor-column elementor-col-50 elementor-inner-column elementor-element elementor-element-b327e26\" data-id=\"b327e26\" data-element_type=\"column\"><div class=\"elementor-widget-wrap elementor-element-populated\"><div class=\"elementor-element elementor-element-1cd374d elementor-widget__width-initial elementor-widget elementor-widget-text-editor\" data-id=\"1cd374d\" data-element_type=\"widget\" data-widget_type=\"text-editor.default\"><div class=\"elementor-widget-container\"><p align=\"left\"><span style=\"font-weight: bolder;\">Liikmemaksu suurus\u00a0<\/span><\/p><div dir=\"auto\">FC Tiigrid Tallinn 2009-2010 65.-<\/div><div dir=\"auto\">\u00a0<\/div><div dir=\"auto\">FC Tiigrid Tallinn 2011-2012 60.-<\/div><div dir=\"auto\">\u00a0<\/div><div dir=\"auto\">FC Tiigrid Tallinn 2013-2014 45.-<\/div><div dir=\"auto\">\u00a0<\/div><div dir=\"auto\">FC Tiigrid Tallinn 2015-2018 45.-<\/div><div dir=\"auto\">\u00a0<\/div><div dir=\"auto\">FC Tiigrid Loo 2010 &#8211; 2012 35.-<\/div><div dir=\"auto\">\u00a0<\/div><div dir=\"auto\">FC Tiigrid Loo 2013-2018 35.-<\/div><div dir=\"auto\">\u00a0<\/div><div dir=\"auto\">FC Tiigrid Peetri 2010-2012 45.-<\/div><div dir=\"auto\">\u00a0<\/div><div dir=\"auto\">FC Tiigrid Peetri 2013-2015 45.-<\/div><div dir=\"auto\">\u00a0<\/div><div dir=\"auto\">FC Tiigrid Peetri 2016-2018 40.-<\/div><div dir=\"auto\">\u00a0<\/div><div dir=\"auto\">FC Tiigrid Kostivere 28.-<\/div><\/div><\/div><\/div><\/div><div class=\"elementor-column elementor-col-50 elementor-inner-column elementor-element elementor-element-45bfcd9\" data-id=\"45bfcd9\" data-element_type=\"column\"><div class=\"elementor-widget-wrap elementor-element-populated\"><div class=\"elementor-element elementor-element-6c3c4d2 elementor-widget__width-initial elementor-widget elementor-widget-text-editor\" data-id=\"6c3c4d2\" data-element_type=\"widget\" data-widget_type=\"text-editor.default\"><div class=\"elementor-widget-container\"><p align=\"left\">Klubiga liitumiseks (ja tulumaksu tagastuse saamiseks) on vaja laps registreerida E-jalgpallikoolis: (registreerib end lapsevanem ning sisselogides lisate lapse andmed ja alles p\u00e4rast seda \u00a0teete lepingu MT\u00dc Loo Jalgpalliklubiga ) <b><a href=\"http:\/\/vemi.ee\/extensions\/awi_vemi\/index.php?a=fctiigrid\" target=\"_blank\" rel=\"noopener\">LINK:<\/a><\/b>\u00a0<a href=\"http:\/\/www.vemi.ee\/\" target=\"_blank\" rel=\"noopener\">www.vemi.ee<\/a>\u00a0Registreerimisel saate \u00a0viitenumbri, mida kindlasti kasutada arvete tasumisel!<\/p><\/div><\/div><\/div><\/div><\/div><p>Liikmemaks tuleb tasuda\u00a0<strong>Loo Jalgpalliklubi MT\u00dc<\/strong>\u00a0arveldusarvele<br \/><strong>10220068791011<\/strong>. Selgitusse palume m\u00e4rkida\u00a0<strong>lapse nimi<\/strong>\u00a0ja mis\u00a0<strong>kuu eest<\/strong><br \/><strong>maksate.<\/strong><br \/><strong>NB!<\/strong>\u00a0Kuumaksu tasumisel palume kasutada\u00a0<strong>viitenumbrit<\/strong>, mis on igal<br \/>lapsel identne. Viitenumbri leiate e-jalgpallikoolist.<\/p><div class=\"_38 direction_ltr\"><p>Klubi liikmemaks on p\u00fcsimaks, mida tuleb tasuda aastaringselt (k.a. suvekuud ja puhkused) ja ka juhul, kui treeningutest on puudutud (soodustust on v\u00f5imalik taotleda pikemaajalise haiguse v\u00f5i trauma korral, mis kestab kauem, kui kaheksa n\u00e4dalat. Tingimusel, et sellest informeeritakse koheselt klubi treenerit ning juhatajat).<\/p><p>Perioodil 20.06\u00a0-15.08 toimuvad\u00a0k\u00f5ikidel treeningr\u00fchmadel koondtreeningud Tallinnas.<\/p><p>Klubist lahkumise korral tuleb teavitada klubi juhtkonda v\u00e4hemalt kuu aega ette ning saata vabas vormis avaldus info@fctiigrid.ee (NB! vemi keskkonnas l\u00f5petamisest ei piisa).<\/p><p>Klubiga taasliitumisel tuleb tasuda \u00fche liikmemaksu suurune liitumistasu.<\/p><\/div><p><strong>Soodustused:<\/strong><\/p><p>\u25cf \u00a0 kui klubi treeningutel osaleb kaks v\u00f5i enam last \u00fchest<br \/>perekonnast, siis teine laps saab osaleda treeningutel 50% soodustusega ja kolmas laps tasuta\u00a0(v.a Rae ja J\u00f5el\u00e4htme valla lapsed)<\/p><p>\u25cf \u00a0 paljulapseliste (kolm ja enam) ja v\u00e4hekindlustatud perede laste\u00a0noorliikmemaksu soodustus 25-100% Tallinna LV sotsiaalabi osakonna<br \/>esildise v\u00f5i lapsevanema avalduse alusel<br \/>Lugupidamisega,<\/p><p>Sven Elenurm<br \/>+372 56 265 131<br \/>Email: sven@fctiigrid.ee<br \/><a href=\"https:\/\/fctiigrid.ee\/en\/\" target=\"_blank\" rel=\"noopener\">www.fctiigrid.ee<\/a><\/p>\t\t\t\t\t\t\t\t<\/div>\n\t\t\t\t<\/div>\n\t\t\t\t\t<\/div>\n\t\t<\/div>\n\t\t\t\t\t<\/div>\n\t\t<\/section>\n\t\t\t\t<section class=\"elementor-section elementor-top-section elementor-element elementor-element-09f1fd7 elementor-section-boxed elementor-section-height-default elementor-section-height-default\" data-id=\"09f1fd7\" data-element_type=\"section\" data-e-type=\"section\">\n\t\t\t\t\t\t<div class=\"elementor-container elementor-column-gap-default\">\n\t\t\t\t\t<div class=\"elementor-column elementor-col-100 elementor-top-column elementor-element elementor-element-4e341f8\" data-id=\"4e341f8\" data-element_type=\"column\" data-e-type=\"column\">\n\t\t\t<div class=\"elementor-widget-wrap elementor-element-populated\">\n\t\t\t\t\t\t<div class=\"elementor-element elementor-element-de90378 elementor-widget elementor-widget-spacer\" data-id=\"de90378\" data-element_type=\"widget\" data-e-type=\"widget\" data-widget_type=\"spacer.default\">\n\t\t\t\t<div class=\"elementor-widget-container\">\n\t\t\t\t\t\t\t<div class=\"elementor-spacer\">\n\t\t\t<div class=\"elementor-spacer-inner\"><\/div>\n\t\t<\/div>\n\t\t\t\t\t\t<\/div>\n\t\t\t\t<\/div>\n\t\t\t\t\t<\/div>\n\t\t<\/div>\n\t\t\t\t\t<\/div>\n\t\t<\/section>\n\t\t\t\t<\/div>","protected":false},"excerpt":{"rendered":"<p>Registreerimine E-Jalgpallikooli ja liikmemaksu reeglid Liikmemaksu suurus&nbsp; &nbsp; FC Tiigrid Tallinn 2011-2012&nbsp; &nbsp; 75.- &nbsp; FC Tiigrid Tallinn 2013-2014&nbsp; &nbsp;70.- &nbsp; FC Tiigrid Tallinn 2015-2018&nbsp; 70.- &nbsp; FC Tiigrid Loo 2010 &#8211; 2012 45.- &nbsp; FC Tiigrid Loo 2013-2018 45.- &nbsp; &nbsp; FC Tiigrid Peetri 2013-2015 55.- &nbsp; FC Tiigrid&hellip;<\/p>","protected":false},"author":2,"featured_media":0,"parent":0,"menu_order":0,"comment_status":"closed","ping_status":"closed","template":"elementor_header_footer","meta":{"footnotes":""},"class_list":["post-426","page","type-page","status-publish","hentry"],"yoast_head":"<!-- This site is optimized with the Yoast SEO plugin v27.4 - https:\/\/yoast.com\/product\/yoast-seo-wordpress\/ -->\n<title>Registreerimine E-Jalgpallikooli ja liikmemaksu reeglid - FC Tiigrid<\/title>\n<meta name=\"robots\" content=\"index, follow, max-snippet:-1, max-image-preview:large, max-video-preview:-1\" \/>\n<link rel=\"canonical\" href=\"https:\/\/fctiigrid.ee\/en\/registreerimine-e-jalgpallikooli-ja-liikmemaksu-reeglid\/\" \/>\n<meta property=\"og:locale\" content=\"en_US\" \/>\n<meta property=\"og:type\" content=\"article\" \/>\n<meta property=\"og:title\" content=\"Registreerimine E-Jalgpallikooli ja liikmemaksu reeglid - FC Tiigrid\" \/>\n<meta property=\"og:description\" content=\"Registreerimine E-Jalgpallikooli ja liikmemaksu reeglid Liikmemaksu suurus&nbsp; &nbsp; FC Tiigrid Tallinn 2011-2012&nbsp; &nbsp; 75.- &nbsp; FC Tiigrid Tallinn 2013-2014&nbsp; &nbsp;70.- &nbsp; FC Tiigrid Tallinn 2015-2018&nbsp; 70.- &nbsp; FC Tiigrid Loo 2010 &#8211; 2012 45.- &nbsp; FC Tiigrid Loo 2013-2018 45.- &nbsp; &nbsp; FC Tiigrid Peetri 2013-2015 55.- &nbsp; FC Tiigrid&hellip;\" \/>\n<meta property=\"og:url\" content=\"https:\/\/fctiigrid.ee\/en\/registreerimine-e-jalgpallikooli-ja-liikmemaksu-reeglid\/\" \/>\n<meta property=\"og:site_name\" content=\"FC Tiigrid\" \/>\n<meta property=\"article:publisher\" content=\"https:\/\/www.facebook.com\/FCTiigrid\" \/>\n<meta property=\"article:modified_time\" content=\"2025-04-09T08:32:40+00:00\" \/>\n<meta name=\"twitter:card\" content=\"summary_large_image\" \/>\n<meta name=\"twitter:label1\" content=\"Est. reading time\" \/>\n\t<meta name=\"twitter:data1\" content=\"4 minutes\" \/>\n<script type=\"application\/ld+json\" class=\"yoast-schema-graph\">{\"@context\":\"https:\\\/\\\/schema.org\",\"@graph\":[{\"@type\":\"WebPage\",\"@id\":\"https:\\\/\\\/fctiigrid.ee\\\/registreerimine-e-jalgpallikooli-ja-liikmemaksu-reeglid\\\/\",\"url\":\"https:\\\/\\\/fctiigrid.ee\\\/registreerimine-e-jalgpallikooli-ja-liikmemaksu-reeglid\\\/\",\"name\":\"Registreerimine E-Jalgpallikooli ja liikmemaksu reeglid - FC Tiigrid\",\"isPartOf\":{\"@id\":\"https:\\\/\\\/fctiigrid.ee\\\/#website\"},\"datePublished\":\"2022-08-25T18:42:59+00:00\",\"dateModified\":\"2025-04-09T08:32:40+00:00\",\"breadcrumb\":{\"@id\":\"https:\\\/\\\/fctiigrid.ee\\\/registreerimine-e-jalgpallikooli-ja-liikmemaksu-reeglid\\\/#breadcrumb\"},\"inLanguage\":\"en-US\",\"potentialAction\":[{\"@type\":\"ReadAction\",\"target\":[\"https:\\\/\\\/fctiigrid.ee\\\/registreerimine-e-jalgpallikooli-ja-liikmemaksu-reeglid\\\/\"]}]},{\"@type\":\"BreadcrumbList\",\"@id\":\"https:\\\/\\\/fctiigrid.ee\\\/registreerimine-e-jalgpallikooli-ja-liikmemaksu-reeglid\\\/#breadcrumb\",\"itemListElement\":[{\"@type\":\"ListItem\",\"position\":1,\"name\":\"Home\",\"item\":\"https:\\\/\\\/fctiigrid.ee\\\/\"},{\"@type\":\"ListItem\",\"position\":2,\"name\":\"Registreerimine E-Jalgpallikooli ja liikmemaksu reeglid\"}]},{\"@type\":\"WebSite\",\"@id\":\"https:\\\/\\\/fctiigrid.ee\\\/#website\",\"url\":\"https:\\\/\\\/fctiigrid.ee\\\/\",\"name\":\"FC Tiigrid\",\"description\":\"FC Tiigrid &amp; JK Loo\",\"potentialAction\":[{\"@type\":\"SearchAction\",\"target\":{\"@type\":\"EntryPoint\",\"urlTemplate\":\"https:\\\/\\\/fctiigrid.ee\\\/?s={search_term_string}\"},\"query-input\":{\"@type\":\"PropertyValueSpecification\",\"valueRequired\":true,\"valueName\":\"search_term_string\"}}],\"inLanguage\":\"en-US\"}]}<\/script>\n<!-- \/ Yoast SEO plugin. -->","yoast_head_json":{"title":"Registreerimine E-Jalgpallikooli ja liikmemaksu reeglid - FC Tiigrid","robots":{"index":"index","follow":"follow","max-snippet":"max-snippet:-1","max-image-preview":"max-image-preview:large","max-video-preview":"max-video-preview:-1"},"canonical":"https:\/\/fctiigrid.ee\/en\/registreerimine-e-jalgpallikooli-ja-liikmemaksu-reeglid\/","og_locale":"en_US","og_type":"article","og_title":"Registreerimine E-Jalgpallikooli ja liikmemaksu reeglid - FC Tiigrid","og_description":"Registreerimine E-Jalgpallikooli ja liikmemaksu reeglid Liikmemaksu suurus&nbsp; &nbsp; FC Tiigrid Tallinn 2011-2012&nbsp; &nbsp; 75.- &nbsp; FC Tiigrid Tallinn 2013-2014&nbsp; &nbsp;70.- &nbsp; FC Tiigrid Tallinn 2015-2018&nbsp; 70.- &nbsp; FC Tiigrid Loo 2010 &#8211; 2012 45.- &nbsp; FC Tiigrid Loo 2013-2018 45.- &nbsp; &nbsp; FC Tiigrid Peetri 2013-2015 55.- &nbsp; FC Tiigrid&hellip;","og_url":"https:\/\/fctiigrid.ee\/en\/registreerimine-e-jalgpallikooli-ja-liikmemaksu-reeglid\/","og_site_name":"FC Tiigrid","article_publisher":"https:\/\/www.facebook.com\/FCTiigrid","article_modified_time":"2025-04-09T08:32:40+00:00","twitter_card":"summary_large_image","twitter_misc":{"Est. reading time":"4 minutes"},"schema":{"@context":"https:\/\/schema.org","@graph":[{"@type":"WebPage","@id":"https:\/\/fctiigrid.ee\/registreerimine-e-jalgpallikooli-ja-liikmemaksu-reeglid\/","url":"https:\/\/fctiigrid.ee\/registreerimine-e-jalgpallikooli-ja-liikmemaksu-reeglid\/","name":"Registreerimine E-Jalgpallikooli ja liikmemaksu reeglid - FC Tiigrid","isPartOf":{"@id":"https:\/\/fctiigrid.ee\/#website"},"datePublished":"2022-08-25T18:42:59+00:00","dateModified":"2025-04-09T08:32:40+00:00","breadcrumb":{"@id":"https:\/\/fctiigrid.ee\/registreerimine-e-jalgpallikooli-ja-liikmemaksu-reeglid\/#breadcrumb"},"inLanguage":"en-US","potentialAction":[{"@type":"ReadAction","target":["https:\/\/fctiigrid.ee\/registreerimine-e-jalgpallikooli-ja-liikmemaksu-reeglid\/"]}]},{"@type":"BreadcrumbList","@id":"https:\/\/fctiigrid.ee\/registreerimine-e-jalgpallikooli-ja-liikmemaksu-reeglid\/#breadcrumb","itemListElement":[{"@type":"ListItem","position":1,"name":"Home","item":"https:\/\/fctiigrid.ee\/"},{"@type":"ListItem","position":2,"name":"Registreerimine E-Jalgpallikooli ja liikmemaksu reeglid"}]},{"@type":"WebSite","@id":"https:\/\/fctiigrid.ee\/#website","url":"https:\/\/fctiigrid.ee\/","name":"FC Tiigrid","description":"FC Tiigrid &amp; JK Loo","potentialAction":[{"@type":"SearchAction","target":{"@type":"EntryPoint","urlTemplate":"https:\/\/fctiigrid.ee\/?s={search_term_string}"},"query-input":{"@type":"PropertyValueSpecification","valueRequired":true,"valueName":"search_term_string"}}],"inLanguage":"en-US"}]}},"_links":{"self":[{"href":"https:\/\/fctiigrid.ee\/en\/wp-json\/wp\/v2\/pages\/426","targetHints":{"allow":["GET"]}}],"collection":[{"href":"https:\/\/fctiigrid.ee\/en\/wp-json\/wp\/v2\/pages"}],"about":[{"href":"https:\/\/fctiigrid.ee\/en\/wp-json\/wp\/v2\/types\/page"}],"author":[{"embeddable":true,"href":"https:\/\/fctiigrid.ee\/en\/wp-json\/wp\/v2\/users\/2"}],"replies":[{"embeddable":true,"href":"https:\/\/fctiigrid.ee\/en\/wp-json\/wp\/v2\/comments?post=426"}],"version-history":[{"count":62,"href":"https:\/\/fctiigrid.ee\/en\/wp-json\/wp\/v2\/pages\/426\/revisions"}],"predecessor-version":[{"id":1331,"href":"https:\/\/fctiigrid.ee\/en\/wp-json\/wp\/v2\/pages\/426\/revisions\/1331"}],"wp:attachment":[{"href":"https:\/\/fctiigrid.ee\/en\/wp-json\/wp\/v2\/media?parent=426"}],"curies":[{"name":"wp","href":"https:\/\/api.w.org\/{rel}","templated":true}]}}