{"id":41,"date":"2022-08-16T10:11:32","date_gmt":"2022-08-16T10:11:32","guid":{"rendered":"https:\/\/fctiigrid.ee\/?page_id=41"},"modified":"2022-08-18T11:20:33","modified_gmt":"2022-08-18T11:20:33","slug":"meeskond-jk-loo","status":"publish","type":"page","link":"https:\/\/fctiigrid.ee\/en\/meeskond-jk-loo\/","title":{"rendered":"Meeskond JK Loo"},"content":{"rendered":"<div data-elementor-type=\"wp-page\" data-elementor-id=\"41\" class=\"elementor elementor-41\">\n\t\t\t\t\t\t<section class=\"elementor-section elementor-top-section elementor-element elementor-element-8bcd9b9 elementor-section-boxed elementor-section-height-default elementor-section-height-default\" data-id=\"8bcd9b9\" data-element_type=\"section\" data-e-type=\"section\">\n\t\t\t\t\t\t<div class=\"elementor-container elementor-column-gap-default\">\n\t\t\t\t\t<div class=\"elementor-column elementor-col-100 elementor-top-column elementor-element elementor-element-23a48d2\" data-id=\"23a48d2\" data-element_type=\"column\" data-e-type=\"column\">\n\t\t\t<div class=\"elementor-widget-wrap elementor-element-populated\">\n\t\t\t\t\t\t<div class=\"elementor-element elementor-element-d95f0d8 elementor-widget elementor-widget-spacer\" data-id=\"d95f0d8\" data-element_type=\"widget\" data-e-type=\"widget\" data-widget_type=\"spacer.default\">\n\t\t\t\t<div class=\"elementor-widget-container\">\n\t\t\t\t\t\t\t<div class=\"elementor-spacer\">\n\t\t\t<div class=\"elementor-spacer-inner\"><\/div>\n\t\t<\/div>\n\t\t\t\t\t\t<\/div>\n\t\t\t\t<\/div>\n\t\t\t\t<div class=\"elementor-element elementor-element-365add0 elementor-widget elementor-widget-heading\" data-id=\"365add0\" data-element_type=\"widget\" data-e-type=\"widget\" data-widget_type=\"heading.default\">\n\t\t\t\t<div class=\"elementor-widget-container\">\n\t\t\t\t\t<h2 class=\"elementor-heading-title elementor-size-default\">Meeskond JK Loo<\/h2>\t\t\t\t<\/div>\n\t\t\t\t<\/div>\n\t\t\t\t\t<\/div>\n\t\t<\/div>\n\t\t\t\t\t<\/div>\n\t\t<\/section>\n\t\t\t\t<section class=\"elementor-section elementor-top-section elementor-element elementor-element-83ad65c elementor-section-boxed elementor-section-height-default elementor-section-height-default\" data-id=\"83ad65c\" data-element_type=\"section\" data-e-type=\"section\">\n\t\t\t\t\t\t<div class=\"elementor-container elementor-column-gap-default\">\n\t\t\t\t\t<div class=\"elementor-column elementor-col-50 elementor-top-column elementor-element elementor-element-fa8b332\" data-id=\"fa8b332\" data-element_type=\"column\" data-e-type=\"column\">\n\t\t\t<div class=\"elementor-widget-wrap elementor-element-populated\">\n\t\t\t\t\t\t<div class=\"elementor-element elementor-element-28c4728 elementor-widget elementor-widget-video\" data-id=\"28c4728\" data-element_type=\"widget\" data-e-type=\"widget\" data-settings=\"{&quot;video_type&quot;:&quot;hosted&quot;,&quot;autoplay&quot;:&quot;yes&quot;,&quot;play_on_mobile&quot;:&quot;yes&quot;,&quot;mute&quot;:&quot;yes&quot;,&quot;loop&quot;:&quot;yes&quot;,&quot;controls&quot;:&quot;yes&quot;}\" data-widget_type=\"video.default\">\n\t\t\t\t<div class=\"elementor-widget-container\">\n\t\t\t\t\t\t\t<div class=\"e-hosted-video elementor-wrapper elementor-open-inline\">\n\t\t\t\t\t<video class=\"elementor-video\" src=\"https:\/\/fctiigrid.ee\/wp-content\/uploads\/2022\/08\/JK-loo-loplik.mp4\" autoplay=\"\" loop=\"\" controls=\"\" muted=\"muted\" playsinline=\"\" controlslist=\"nodownload\"><\/video>\n\t\t\t\t<\/div>\n\t\t\t\t\t\t<\/div>\n\t\t\t\t<\/div>\n\t\t\t\t\t<\/div>\n\t\t<\/div>\n\t\t\t\t<div class=\"elementor-column elementor-col-50 elementor-top-column elementor-element elementor-element-adc61fd\" data-id=\"adc61fd\" data-element_type=\"column\" data-e-type=\"column\">\n\t\t\t<div class=\"elementor-widget-wrap elementor-element-populated\">\n\t\t\t\t\t\t<div class=\"elementor-element elementor-element-f97d748 elementor-widget elementor-widget-text-editor\" data-id=\"f97d748\" data-element_type=\"widget\" data-e-type=\"widget\" data-widget_type=\"text-editor.default\">\n\t\t\t\t<div class=\"elementor-widget-container\">\n\t\t\t\t\t\t\t\t\t<p>JK Loo meeskonna treeningutele on oodatud\u00a0<strong>t\u00f5sisema suhtumisega ja elementaarsete oskustega m\u00e4ngijad<\/strong>.<\/p><p>M\u00e4ngijatelt eeldame osalemist treeningutel v\u00e4hemalt\u00a0<strong>2 korda n\u00e4dalas!<\/strong><\/p><p><strong>Treeningv\u00f5imalus 3-4x n\u00e4dalas.<\/strong><\/p><p>Treener: <strong>Eerik Elenurm<\/strong><\/p><p>Lisainfo ja registreerimine: <strong>eerik@fcs.ee v\u00f5i 58 092 967<\/strong>.<\/p>\t\t\t\t\t\t\t\t<\/div>\n\t\t\t\t<\/div>\n\t\t\t\t\t<\/div>\n\t\t<\/div>\n\t\t\t\t\t<\/div>\n\t\t<\/section>\n\t\t\t\t<section class=\"elementor-section elementor-top-section elementor-element elementor-element-c8ccf7b elementor-section-boxed elementor-section-height-default elementor-section-height-default\" data-id=\"c8ccf7b\" data-element_type=\"section\" data-e-type=\"section\">\n\t\t\t\t\t\t<div class=\"elementor-container elementor-column-gap-default\">\n\t\t\t\t\t<div class=\"elementor-column elementor-col-100 elementor-top-column elementor-element elementor-element-9c2f528\" data-id=\"9c2f528\" data-element_type=\"column\" data-e-type=\"column\">\n\t\t\t<div class=\"elementor-widget-wrap elementor-element-populated\">\n\t\t\t\t\t\t<div class=\"elementor-element elementor-element-3e0a87a elementor-widget elementor-widget-spacer\" data-id=\"3e0a87a\" data-element_type=\"widget\" data-e-type=\"widget\" data-widget_type=\"spacer.default\">\n\t\t\t\t<div class=\"elementor-widget-container\">\n\t\t\t\t\t\t\t<div class=\"elementor-spacer\">\n\t\t\t<div class=\"elementor-spacer-inner\"><\/div>\n\t\t<\/div>\n\t\t\t\t\t\t<\/div>\n\t\t\t\t<\/div>\n\t\t\t\t\t<\/div>\n\t\t<\/div>\n\t\t\t\t\t<\/div>\n\t\t<\/section>\n\t\t\t\t<\/div>","protected":false},"excerpt":{"rendered":"<p>Meeskond JK Loo https:\/\/fctiigrid.ee\/wp-content\/uploads\/2022\/08\/JK-loo-loplik.mp4 JK Loo meeskonna treeningutele on oodatud\u00a0t\u00f5sisema suhtumisega ja elementaarsete oskustega m\u00e4ngijad. M\u00e4ngijatelt eeldame osalemist treeningutel v\u00e4hemalt\u00a02 korda n\u00e4dalas! Treeningv\u00f5imalus 3-4x n\u00e4dalas. Treener: Eerik Elenurm Lisainfo ja registreerimine: eerik@fcs.ee v\u00f5i 58 092 967.<\/p>","protected":false},"author":2,"featured_media":0,"parent":0,"menu_order":0,"comment_status":"closed","ping_status":"closed","template":"elementor_header_footer","meta":{"footnotes":""},"class_list":["post-41","page","type-page","status-publish","hentry"],"yoast_head":"<!-- This site is optimized with the Yoast SEO plugin v27.4 - https:\/\/yoast.com\/product\/yoast-seo-wordpress\/ -->\n<title>Meeskond JK Loo - FC Tiigrid<\/title>\n<meta name=\"robots\" content=\"index, follow, max-snippet:-1, max-image-preview:large, max-video-preview:-1\" \/>\n<link rel=\"canonical\" href=\"https:\/\/fctiigrid.ee\/en\/meeskond-jk-loo\/\" \/>\n<meta property=\"og:locale\" content=\"en_US\" \/>\n<meta property=\"og:type\" content=\"article\" \/>\n<meta property=\"og:title\" content=\"Meeskond JK Loo - FC Tiigrid\" \/>\n<meta property=\"og:description\" content=\"Meeskond JK Loo https:\/\/fctiigrid.ee\/wp-content\/uploads\/2022\/08\/JK-loo-loplik.mp4 JK Loo meeskonna treeningutele on oodatud\u00a0t\u00f5sisema suhtumisega ja elementaarsete oskustega m\u00e4ngijad. M\u00e4ngijatelt eeldame osalemist treeningutel v\u00e4hemalt\u00a02 korda n\u00e4dalas! Treeningv\u00f5imalus 3-4x n\u00e4dalas. Treener: Eerik Elenurm Lisainfo ja registreerimine: eerik@fcs.ee v\u00f5i 58 092 967.\" \/>\n<meta property=\"og:url\" content=\"https:\/\/fctiigrid.ee\/en\/meeskond-jk-loo\/\" \/>\n<meta property=\"og:site_name\" content=\"FC Tiigrid\" \/>\n<meta property=\"article:publisher\" content=\"https:\/\/www.facebook.com\/FCTiigrid\" \/>\n<meta property=\"article:modified_time\" content=\"2022-08-18T11:20:33+00:00\" \/>\n<meta name=\"twitter:card\" content=\"summary_large_image\" \/>\n<meta name=\"twitter:label1\" content=\"Est. reading time\" \/>\n\t<meta name=\"twitter:data1\" content=\"1 minute\" \/>\n<script type=\"application\/ld+json\" class=\"yoast-schema-graph\">{\"@context\":\"https:\\\/\\\/schema.org\",\"@graph\":[{\"@type\":\"WebPage\",\"@id\":\"https:\\\/\\\/fctiigrid.ee\\\/meeskond-jk-loo\\\/\",\"url\":\"https:\\\/\\\/fctiigrid.ee\\\/meeskond-jk-loo\\\/\",\"name\":\"Meeskond JK Loo - FC Tiigrid\",\"isPartOf\":{\"@id\":\"https:\\\/\\\/fctiigrid.ee\\\/#website\"},\"datePublished\":\"2022-08-16T10:11:32+00:00\",\"dateModified\":\"2022-08-18T11:20:33+00:00\",\"breadcrumb\":{\"@id\":\"https:\\\/\\\/fctiigrid.ee\\\/meeskond-jk-loo\\\/#breadcrumb\"},\"inLanguage\":\"en-US\",\"potentialAction\":[{\"@type\":\"ReadAction\",\"target\":[\"https:\\\/\\\/fctiigrid.ee\\\/meeskond-jk-loo\\\/\"]}]},{\"@type\":\"BreadcrumbList\",\"@id\":\"https:\\\/\\\/fctiigrid.ee\\\/meeskond-jk-loo\\\/#breadcrumb\",\"itemListElement\":[{\"@type\":\"ListItem\",\"position\":1,\"name\":\"Home\",\"item\":\"https:\\\/\\\/fctiigrid.ee\\\/\"},{\"@type\":\"ListItem\",\"position\":2,\"name\":\"Meeskond JK Loo\"}]},{\"@type\":\"WebSite\",\"@id\":\"https:\\\/\\\/fctiigrid.ee\\\/#website\",\"url\":\"https:\\\/\\\/fctiigrid.ee\\\/\",\"name\":\"FC Tiigrid\",\"description\":\"FC Tiigrid &amp; JK Loo\",\"potentialAction\":[{\"@type\":\"SearchAction\",\"target\":{\"@type\":\"EntryPoint\",\"urlTemplate\":\"https:\\\/\\\/fctiigrid.ee\\\/?s={search_term_string}\"},\"query-input\":{\"@type\":\"PropertyValueSpecification\",\"valueRequired\":true,\"valueName\":\"search_term_string\"}}],\"inLanguage\":\"en-US\"}]}<\/script>\n<!-- \/ Yoast SEO plugin. -->","yoast_head_json":{"title":"Meeskond JK Loo - FC Tiigrid","robots":{"index":"index","follow":"follow","max-snippet":"max-snippet:-1","max-image-preview":"max-image-preview:large","max-video-preview":"max-video-preview:-1"},"canonical":"https:\/\/fctiigrid.ee\/en\/meeskond-jk-loo\/","og_locale":"en_US","og_type":"article","og_title":"Meeskond JK Loo - FC Tiigrid","og_description":"Meeskond JK Loo https:\/\/fctiigrid.ee\/wp-content\/uploads\/2022\/08\/JK-loo-loplik.mp4 JK Loo meeskonna treeningutele on oodatud\u00a0t\u00f5sisema suhtumisega ja elementaarsete oskustega m\u00e4ngijad. M\u00e4ngijatelt eeldame osalemist treeningutel v\u00e4hemalt\u00a02 korda n\u00e4dalas! Treeningv\u00f5imalus 3-4x n\u00e4dalas. Treener: Eerik Elenurm Lisainfo ja registreerimine: eerik@fcs.ee v\u00f5i 58 092 967.","og_url":"https:\/\/fctiigrid.ee\/en\/meeskond-jk-loo\/","og_site_name":"FC Tiigrid","article_publisher":"https:\/\/www.facebook.com\/FCTiigrid","article_modified_time":"2022-08-18T11:20:33+00:00","twitter_card":"summary_large_image","twitter_misc":{"Est. reading time":"1 minute"},"schema":{"@context":"https:\/\/schema.org","@graph":[{"@type":"WebPage","@id":"https:\/\/fctiigrid.ee\/meeskond-jk-loo\/","url":"https:\/\/fctiigrid.ee\/meeskond-jk-loo\/","name":"Meeskond JK Loo - FC Tiigrid","isPartOf":{"@id":"https:\/\/fctiigrid.ee\/#website"},"datePublished":"2022-08-16T10:11:32+00:00","dateModified":"2022-08-18T11:20:33+00:00","breadcrumb":{"@id":"https:\/\/fctiigrid.ee\/meeskond-jk-loo\/#breadcrumb"},"inLanguage":"en-US","potentialAction":[{"@type":"ReadAction","target":["https:\/\/fctiigrid.ee\/meeskond-jk-loo\/"]}]},{"@type":"BreadcrumbList","@id":"https:\/\/fctiigrid.ee\/meeskond-jk-loo\/#breadcrumb","itemListElement":[{"@type":"ListItem","position":1,"name":"Home","item":"https:\/\/fctiigrid.ee\/"},{"@type":"ListItem","position":2,"name":"Meeskond JK Loo"}]},{"@type":"WebSite","@id":"https:\/\/fctiigrid.ee\/#website","url":"https:\/\/fctiigrid.ee\/","name":"FC Tiigrid","description":"FC Tiigrid &amp; JK Loo","potentialAction":[{"@type":"SearchAction","target":{"@type":"EntryPoint","urlTemplate":"https:\/\/fctiigrid.ee\/?s={search_term_string}"},"query-input":{"@type":"PropertyValueSpecification","valueRequired":true,"valueName":"search_term_string"}}],"inLanguage":"en-US"}]}},"_links":{"self":[{"href":"https:\/\/fctiigrid.ee\/en\/wp-json\/wp\/v2\/pages\/41","targetHints":{"allow":["GET"]}}],"collection":[{"href":"https:\/\/fctiigrid.ee\/en\/wp-json\/wp\/v2\/pages"}],"about":[{"href":"https:\/\/fctiigrid.ee\/en\/wp-json\/wp\/v2\/types\/page"}],"author":[{"embeddable":true,"href":"https:\/\/fctiigrid.ee\/en\/wp-json\/wp\/v2\/users\/2"}],"replies":[{"embeddable":true,"href":"https:\/\/fctiigrid.ee\/en\/wp-json\/wp\/v2\/comments?post=41"}],"version-history":[{"count":10,"href":"https:\/\/fctiigrid.ee\/en\/wp-json\/wp\/v2\/pages\/41\/revisions"}],"predecessor-version":[{"id":383,"href":"https:\/\/fctiigrid.ee\/en\/wp-json\/wp\/v2\/pages\/41\/revisions\/383"}],"wp:attachment":[{"href":"https:\/\/fctiigrid.ee\/en\/wp-json\/wp\/v2\/media?parent=41"}],"curies":[{"name":"wp","href":"https:\/\/api.w.org\/{rel}","templated":true}]}}